{"id":2,"date":"2024-08-15T10:46:26","date_gmt":"2024-08-15T13:46:26","guid":{"rendered":"https:\/\/pv.org.br\/eleicoes2024\/?page_id=2"},"modified":"2026-04-28T12:46:49","modified_gmt":"2026-04-28T15:46:49","slug":"partido-verde-voce-no-clima-das-eleiicoes","status":"publish","type":"page","link":"https:\/\/pv.org.br\/eleicoes2024\/","title":{"rendered":"Parttido Verde &#8211; Voc\u00ea no Clima das Elei\u00e7\u00f5es"},"content":{"rendered":"<div class=\"wpb-content-wrapper\"><p>[vc_row full_width=&#8221;stretch_row_content_no_spaces&#8221; disable_element=&#8221;yes&#8221; css=&#8221;.vc_custom_1726669757321{background-position: 0 0 !important;background-repeat: no-repeat !important;}&#8221; el_class=&#8221;banner-home&#8221;][vc_column offset=&#8221;vc_hidden-sm vc_hidden-xs&#8221;]<div class=\"shortcode-banner\" style=\"min-height: 545px;background-image: url(https:\/\/pv.org.br\/eleicoes2024\/wp-content\/uploads\/2024\/08\/Cards-e-videos-produzidos-para-a-campanha.webp)\"><div class=\"shortcode-banner-bg wf-table\" style=\"padding: 0px;min-height: 545px\"><div class=\"shortcode-banner-inside wf-table text-big\" style=\"border: solid 0px transparent;outline: solid 0px;outline-color: #ffffff;height: 545px\"><div><\/div><\/div><\/div><\/div>[\/vc_column][\/vc_row][vc_row full_width=&#8221;stretch_row_content_no_spaces&#8221; disable_element=&#8221;yes&#8221; css=&#8221;.vc_custom_1726669763784{background-position: 0 0 !important;background-repeat: no-repeat !important;}&#8221; el_class=&#8221;banner-home&#8221;][vc_column offset=&#8221;vc_hidden-lg vc_hidden-md&#8221;]<div class=\"shortcode-banner\" style=\"min-height: 545px;background-image: url(https:\/\/pv.org.br\/eleicoes2024\/wp-content\/uploads\/2024\/08\/Design-sem-nome-2.webp)\"><div class=\"shortcode-banner-bg wf-table\" style=\"padding: 0px;min-height: 545px\"><div class=\"shortcode-banner-inside wf-table text-big\" style=\"border: solid 0px transparent;outline: solid 0px;outline-color: #ffffff;height: 545px\"><div><\/div><\/div><\/div><\/div>[\/vc_column][\/vc_row][vc_row content_placement=&#8221;top&#8221;][vc_column][vc_raw_html css=&#8221;&#8221;]JTNDcCUyMGNsYXNzJTNEJTIydHh0LWhvbWUlMjIlMjBhbGlnbiUzRCUyMmp1c3RpZnklMjIlM0VPJTIwUGFydGlkbyUyMFZlcmRlJTIwZGlzcG9uaWJpbGl6YSUyMHVtYSUyMGFtcGxhJTIwdmFyaWVkYWRlJTIwZGUlMjBjb250ZSVDMyVCQWRvcyUyMGNyaWFkb3MlMjBwZWxhJTIwZXF1aXBlJTIwZGUlMjBjb211bmljYSVDMyVBNyVDMyVBM28lMjBkbyUyMFBhcnRpZG8lMjBWZXJkZS4lMjBFbmNvbnRyZSUyMENhcmRzJTJDJTIwdiVDMyVBRGRlb3MlMjBlJTIwbWF0ZXJpYWwlMjBwYXJhJTIwaW1wcmVzcyVDMyVBM28lMjElM0MlMkZwJTNF[\/vc_raw_html][\/vc_column][\/vc_row][vc_row full_width=&#8221;stretch_row&#8221;][vc_column][vc_raw_html css=&#8221;&#8221;]JTNDcCUyMGNsYXNzJTNEJTIydHh0LWFycSUyMiUzRSUwQUNsaXF1ZSUyMHBhcmElMjB2aXN1YWxpemFyJTIwb3MlMjBhcnF1aXZvcyUwQSUzQyUyRnAlM0UlMEElMEElM0NkaXYlMjBjbGFzcyUzRCUyMmJ1c2NhLXBnJTIyJTNFJTBBJTVCc2VhcmNoYW5kZmlsdGVyJTIwc2x1ZyUzRCUyMmJ1c2NhLXBlbG8tc2VsZXRvciUyMiU1RCUwQSUzQyUyRmRpdiUzRSUwQSUwQSU1QmN1c3RvbS1sYXlvdXQlMjBpZCUzRCUyNzIwJTI3JTVEJTIw[\/vc_raw_html][\/vc_column][\/vc_row]<\/p>\n<\/div>","protected":false},"excerpt":{"rendered":"<p>[vc_row full_width=&#8221;stretch_row_content_no_spaces&#8221; disable_element=&#8221;yes&#8221; css=&#8221;.vc_custom_1726669757321{background-position: 0 0 !important;background-repeat: no-repeat !important;}&#8221; el_class=&#8221;banner-home&#8221;][vc_column offset=&#8221;vc_hidden-sm vc_hidden-xs&#8221;][\/vc_column][\/vc_row][vc_row full_width=&#8221;stretch_row_content_no_spaces&#8221; disable_element=&#8221;yes&#8221; css=&#8221;.vc_custom_1726669763784{background-position: 0 0 !important;background-repeat: no-repeat !important;}&#8221; el_class=&#8221;banner-home&#8221;][vc_column offset=&#8221;vc_hidden-lg vc_hidden-md&#8221;][\/vc_column][\/vc_row][vc_row content_placement=&#8221;top&#8221;][vc_column][vc_raw_html css=&#8221;&#8221;]JTNDcCUyMGNsYXNzJTNEJTIydHh0LWhvbWUlMjIlMjBhbGlnbiUzRCUyMmp1c3RpZnklMjIlM0VPJTIwUGFydGlkbyUyMFZlcmRlJTIwZGlzcG9uaWJpbGl6YSUyMHVtYSUyMGFtcGxhJTIwdmFyaWVkYWRlJTIwZGUlMjBjb250ZSVDMyVCQWRvcyUyMGNyaWFkb3MlMjBwZWxhJTIwZXF1aXBlJTIwZGUlMjBjb211bmljYSVDMyVBNyVDMyVBM28lMjBkbyUyMFBhcnRpZG8lMjBWZXJkZS4lMjBFbmNvbnRyZSUyMENhcmRzJTJDJTIwdiVDMyVBRGRlb3MlMjBlJTIwbWF0ZXJpYWwlMjBwYXJhJTIwaW1wcmVzcyVDMyVBM28lMjElM0MlMkZwJTNF[\/vc_raw_html][\/vc_column][\/vc_row][vc_row full_width=&#8221;stretch_row&#8221;][vc_column][vc_raw_html css=&#8221;&#8221;]JTNDcCUyMGNsYXNzJTNEJTIydHh0LWFycSUyMiUzRSUwQUNsaXF1ZSUyMHBhcmElMjB2aXN1YWxpemFyJTIwb3MlMjBhcnF1aXZvcyUwQSUzQyUyRnAlM0UlMEElMEElM0NkaXYlMjBjbGFzcyUzRCUyMmJ1c2NhLXBnJTIyJTNFJTBBJTVCc2VhcmNoYW5kZmlsdGVyJTIwc2x1ZyUzRCUyMmJ1c2NhLXBlbG8tc2VsZXRvciUyMiU1RCUwQSUzQyUyRmRpdiUzRSUwQSUwQSU1QmN1c3RvbS1sYXlvdXQlMjBpZCUzRCUyNzIwJTI3JTVEJTIw[\/vc_raw_html][\/vc_column][\/vc_row]<\/p>\n","protected":false},"author":1,"featured_media":94,"parent":0,"menu_order":0,"comment_status":"closed","ping_status":"open","template":"","meta":{"_acf_changed":false,"footnotes":""},"class_list":["post-2","page","type-page","status-publish","has-post-thumbnail","hentry","description-off"],"acf":[],"_links":{"self":[{"href":"https:\/\/pv.org.br\/eleicoes2024\/wp-json\/wp\/v2\/pages\/2","targetHints":{"allow":["GET"]}}],"collection":[{"href":"https:\/\/pv.org.br\/eleicoes2024\/wp-json\/wp\/v2\/pages"}],"about":[{"href":"https:\/\/pv.org.br\/eleicoes2024\/wp-json\/wp\/v2\/types\/page"}],"author":[{"embeddable":true,"href":"https:\/\/pv.org.br\/eleicoes2024\/wp-json\/wp\/v2\/users\/1"}],"replies":[{"embeddable":true,"href":"https:\/\/pv.org.br\/eleicoes2024\/wp-json\/wp\/v2\/comments?post=2"}],"version-history":[{"count":24,"href":"https:\/\/pv.org.br\/eleicoes2024\/wp-json\/wp\/v2\/pages\/2\/revisions"}],"predecessor-version":[{"id":277,"href":"https:\/\/pv.org.br\/eleicoes2024\/wp-json\/wp\/v2\/pages\/2\/revisions\/277"}],"wp:featuredmedia":[{"embeddable":true,"href":"https:\/\/pv.org.br\/eleicoes2024\/wp-json\/wp\/v2\/media\/94"}],"wp:attachment":[{"href":"https:\/\/pv.org.br\/eleicoes2024\/wp-json\/wp\/v2\/media?parent=2"}],"curies":[{"name":"wp","href":"https:\/\/api.w.org\/{rel}","templated":true}]}}